{"id":259,"date":"2020-05-31T15:22:19","date_gmt":"2020-05-31T13:22:19","guid":{"rendered":"https:\/\/www.montessoridetom.sk\/?page_id=259"},"modified":"2020-06-04T14:51:28","modified_gmt":"2020-06-04T12:51:28","slug":"kontakt","status":"publish","type":"page","link":"https:\/\/www.montessoridetom.sk\/?page_id=259","title":{"rendered":"Kontakt"},"content":{"rendered":"<div class=\"parent\">\n<div class=\"child\">\n<div class=\"left-block\">\n<div class=\"icon\">\n\t\t\t\t<svg width=\"32\" height=\"32\" viewBox=\"0 0 24 24\" fill=\"none\" xmlns=\"http:\/\/www.w3.org\/2000\/svg\">\n\t\t\t\t<path d=\"M9.99961 18.9997V13.9997H13.9996V18.9997C13.9996 19.5497 14.4496 19.9997 14.9996 19.9997H17.9996C18.5496 19.9997 18.9996 19.5497 18.9996 18.9997V11.9997H20.6996C21.1596 11.9997 21.3796 11.4297 21.0296 11.1297L12.6696 3.59973C12.2896 3.25973 11.7096 3.25973 11.3296 3.59973L2.96961 11.1297C2.62961 11.4297 2.83961 11.9997 3.29961 11.9997H4.99961V18.9997C4.99961 19.5497 5.44961 19.9997 5.99961 19.9997H8.99961C9.54961 19.9997 9.99961 19.5497 9.99961 18.9997Z\" fill=\"black\"><\/path>\n\t\t\t\t<\/svg><\/div>\n<\/div>\n<div class=\"right-block\">\n<div class=\"heading\">\n<h3>\n\t\t\t\t\tAdresa<\/h3>\n<\/div>\n<p><span>Matersk\u00e1 \u0161kola<\/span><br \/>\nSenick\u00e1 cesta 82<br \/>\nBansk\u00e1 Bystrica<br \/>\n974 01<\/p>\n<\/div>\n<\/div>\n<div class=\"child\">\n<div class=\"left-block\">\n<div class=\"icon\">\n\t\t\t\t<svg width=\"32\" height=\"32\" viewBox=\"0 0 24 24\" fill=\"none\" xmlns=\"http:\/\/www.w3.org\/2000\/svg\">\n\t\t\t\t<path d=\"M20.01 15.38C18.78 15.38 17.59 15.18 16.48 14.82C16.13 14.7 15.74 14.79 15.47 15.06L13.9 17.03C11.07 15.68 8.42 13.13 7.01 10.2L8.96 8.54C9.23 8.26 9.31 7.87 9.2 7.52C8.83 6.41 8.64 5.22 8.64 3.99C8.64 3.45 8.19 3 7.65 3H4.19C3.65 3 3 3.24 3 3.99C3 13.28 10.73 21 20.01 21C20.72 21 21 20.37 21 19.82V16.37C21 15.83 20.55 15.38 20.01 15.38Z\" fill=\"black\"><\/path>\n\t\t\t\t<\/svg><\/p>\n<\/div>\n<\/div>\n<div class=\"right-block\">\n<div class=\"heading\">\n<h3>\n\t\t\t\t\tTelef\u00f3nne \u010d\u00edslo<\/h3>\n<\/div>\n<p>048\/414 25 08<\/p>\n<\/div>\n<\/div>\n<div class=\"child\">\n<div class=\"left-block\">\n<div class=\"icon\">\n\t\t\t\t<svg width=\"32\" height=\"32\" viewBox=\"0 0 24 24\" fill=\"none\" xmlns=\"http:\/\/www.w3.org\/2000\/svg\">\n\t\t\t\t<path d=\"M20 4H4C2.9 4 2.01 4.9 2.01 6L2 18C2 19.1 2.9 20 4 20H20C21.1 20 22 19.1 22 18V6C22 4.9 21.1 4 20 4ZM20 8L12 13L4 8V6L12 11L20 6V8Z\" fill=\"black\"><\/path>\n\t\t\t\t<\/svg><\/p>\n<\/div>\n<\/div>\n<div class=\"right-block\">\n<div class=\"heading\">\n<h3>\n\t\t\t\t\tEmail<\/h3>\n<\/div>\n<p><span class=\"e-mail\" data-user=\"atsecakcines.akloks\" data-website=\"moc.liamg\"><\/span><\/p>\n<\/div>\n<\/div>\n<\/div>\n<div role=\"form\" class=\"wpcf7\" id=\"wpcf7-f370-p259-o1\" lang=\"sk-SK\" dir=\"ltr\">\n<div class=\"screen-reader-response\" aria-live=\"polite\"><\/div>\n<form action=\"\/?page_id=259#wpcf7-f370-p259-o1\" method=\"post\" class=\"wpcf7-form\" novalidate=\"novalidate\">\n<div style=\"display: none;\">\n<input type=\"hidden\" name=\"_wpcf7\" value=\"370\"><br \/>\n<input type=\"hidden\" name=\"_wpcf7_version\" value=\"5.1.9\"><br \/>\n<input type=\"hidden\" name=\"_wpcf7_locale\" value=\"sk_SK\"><br \/>\n<input type=\"hidden\" name=\"_wpcf7_unit_tag\" value=\"wpcf7-f370-p259-o1\"><br \/>\n<input type=\"hidden\" name=\"_wpcf7_container_post\" value=\"259\"><\/div>\n<p class=\"form-section\"><label> Va\u0161e meno (povinn\u00e9)<\/label><br \/>\n<span class=\"wpcf7-form-control-wrap your-name\"><input type=\"text\" name=\"your-name\" value=\"\" size=\"40\" class=\"wpcf7-form-control wpcf7-text wpcf7-validates-as-required\" aria-required=\"true\" aria-invalid=\"false\"><\/span><\/p>\n<p class=\"form-section\"><label> V\u00e1\u0161 email (povinn\u00e9)<\/label><br \/>\n<span class=\"wpcf7-form-control-wrap your-email\"><input type=\"email\" name=\"your-email\" value=\"\" size=\"40\" class=\"wpcf7-form-control wpcf7-text wpcf7-email wpcf7-validates-as-required wpcf7-validates-as-email\" aria-required=\"true\" aria-invalid=\"false\"><\/span><\/p>\n<p class=\"form-section full-width\"><label> Predmet <\/label><br \/>\n<span class=\"wpcf7-form-control-wrap your-subject\"><input type=\"text\" name=\"your-subject\" value=\"\" size=\"40\" class=\"wpcf7-form-control wpcf7-text\" aria-invalid=\"false\"><\/span><\/p>\n<p class=\"form-section full-width\"><label> Va\u0161a spr\u00e1va <\/label><br \/>\n<span class=\"wpcf7-form-control-wrap your-message\"><textarea name=\"your-message\" cols=\"40\" rows=\"5\" class=\"wpcf7-form-control wpcf7-textarea\" aria-invalid=\"false\"><\/textarea><\/span><\/p>\n<p class=\"form-section submit\"><input type=\"submit\" value=\"Odosla\u0165\" class=\"wpcf7-form-control wpcf7-submit\"><span class=\"ajax-loader\"><\/span><span class=\"ajax-loader\"><\/span><\/p>\n<div class=\"wpcf7-response-output wpcf7-display-none\" aria-hidden=\"true\"><\/div>\n<\/form>\n<\/div>\n","protected":false},"excerpt":{"rendered":"<p>Adresa Matersk\u00e1 \u0161kola Senick\u00e1 cesta 82 Bansk\u00e1 Bystrica 974 01 Telef\u00f3nne \u010d\u00edslo 048\/414 25 08 Email Va\u0161e meno (povinn\u00e9) V\u00e1\u0161 email (povinn\u00e9) Predmet Va\u0161a spr\u00e1va<\/p>\n","protected":false},"author":1,"featured_media":0,"parent":0,"menu_order":0,"comment_status":"closed","ping_status":"closed","template":"page-templates\/page_fullwidth.php","meta":{"inline_featured_image":false,"footnotes":""},"class_list":["post-259","page","type-page","status-publish","hentry","clearfix"],"yoast_head":"<!-- This site is optimized with the Yoast SEO plugin v23.6 - https:\/\/yoast.com\/wordpress\/plugins\/seo\/ -->\n<title>Kontakt - Matersk\u00e1 \u0161kola Senick\u00e1 cesta - Montessori De\u0165om<\/title>\n<meta name=\"robots\" content=\"index, follow, max-snippet:-1, max-image-preview:large, max-video-preview:-1\" \/>\n<link rel=\"canonical\" href=\"https:\/\/www.montessoridetom.sk\/?page_id=259\" \/>\n<meta property=\"og:locale\" content=\"sk_SK\" \/>\n<meta property=\"og:type\" content=\"article\" \/>\n<meta property=\"og:title\" content=\"Kontakt - Matersk\u00e1 \u0161kola Senick\u00e1 cesta - Montessori De\u0165om\" \/>\n<meta property=\"og:description\" content=\"Adresa Matersk\u00e1 \u0161kola Senick\u00e1 cesta 82 Bansk\u00e1 Bystrica 974 01 Telef\u00f3nne \u010d\u00edslo 048\/414 25 08 Email Va\u0161e meno (povinn\u00e9) V\u00e1\u0161 email (povinn\u00e9) Predmet Va\u0161a spr\u00e1va\" \/>\n<meta property=\"og:url\" content=\"https:\/\/www.montessoridetom.sk\/?page_id=259\" \/>\n<meta property=\"og:site_name\" content=\"Matersk\u00e1 \u0161kola Senick\u00e1 cesta - Montessori De\u0165om\" \/>\n<meta property=\"article:modified_time\" content=\"2020-06-04T12:51:28+00:00\" \/>\n<meta name=\"twitter:card\" content=\"summary_large_image\" \/>\n<script type=\"application\/ld+json\" class=\"yoast-schema-graph\">{\"@context\":\"https:\/\/schema.org\",\"@graph\":[{\"@type\":\"WebPage\",\"@id\":\"https:\/\/www.montessoridetom.sk\/?page_id=259\",\"url\":\"https:\/\/www.montessoridetom.sk\/?page_id=259\",\"name\":\"Kontakt - Matersk\u00e1 \u0161kola Senick\u00e1 cesta - Montessori De\u0165om\",\"isPartOf\":{\"@id\":\"https:\/\/www.montessoridetom.sk\/#website\"},\"datePublished\":\"2020-05-31T13:22:19+00:00\",\"dateModified\":\"2020-06-04T12:51:28+00:00\",\"breadcrumb\":{\"@id\":\"https:\/\/www.montessoridetom.sk\/?page_id=259#breadcrumb\"},\"inLanguage\":\"sk-SK\",\"potentialAction\":[{\"@type\":\"ReadAction\",\"target\":[\"https:\/\/www.montessoridetom.sk\/?page_id=259\"]}]},{\"@type\":\"BreadcrumbList\",\"@id\":\"https:\/\/www.montessoridetom.sk\/?page_id=259#breadcrumb\",\"itemListElement\":[{\"@type\":\"ListItem\",\"position\":1,\"name\":\"Home\",\"item\":\"https:\/\/www.montessoridetom.sk\/\"},{\"@type\":\"ListItem\",\"position\":2,\"name\":\"Kontakt\"}]},{\"@type\":\"WebSite\",\"@id\":\"https:\/\/www.montessoridetom.sk\/#website\",\"url\":\"https:\/\/www.montessoridetom.sk\/\",\"name\":\"Matersk\u00e1 \u0161kola Senick\u00e1 cesta - Montessori De\u0165om\",\"description\":\"\",\"publisher\":{\"@id\":\"https:\/\/www.montessoridetom.sk\/#organization\"},\"potentialAction\":[{\"@type\":\"SearchAction\",\"target\":{\"@type\":\"EntryPoint\",\"urlTemplate\":\"https:\/\/www.montessoridetom.sk\/?s={search_term_string}\"},\"query-input\":{\"@type\":\"PropertyValueSpecification\",\"valueRequired\":true,\"valueName\":\"search_term_string\"}}],\"inLanguage\":\"sk-SK\"},{\"@type\":\"Organization\",\"@id\":\"https:\/\/www.montessoridetom.sk\/#organization\",\"name\":\"Matersk\u00e1 \u0161kola Senick\u00e1 cesta - Montessori De\u0165om\",\"url\":\"https:\/\/www.montessoridetom.sk\/\",\"logo\":{\"@type\":\"ImageObject\",\"inLanguage\":\"sk-SK\",\"@id\":\"https:\/\/www.montessoridetom.sk\/#\/schema\/logo\/image\/\",\"url\":\"https:\/\/www.montessoridetom.sk\/wp-content\/uploads\/2020\/07\/cropped-Frame-2.jpeg\",\"contentUrl\":\"https:\/\/www.montessoridetom.sk\/wp-content\/uploads\/2020\/07\/cropped-Frame-2.jpeg\",\"width\":200,\"height\":80,\"caption\":\"Matersk\u00e1 \u0161kola Senick\u00e1 cesta - Montessori De\u0165om\"},\"image\":{\"@id\":\"https:\/\/www.montessoridetom.sk\/#\/schema\/logo\/image\/\"}}]}<\/script>\n<!-- \/ Yoast SEO plugin. -->","yoast_head_json":{"title":"Kontakt - Matersk\u00e1 \u0161kola Senick\u00e1 cesta - Montessori De\u0165om","robots":{"index":"index","follow":"follow","max-snippet":"max-snippet:-1","max-image-preview":"max-image-preview:large","max-video-preview":"max-video-preview:-1"},"canonical":"https:\/\/www.montessoridetom.sk\/?page_id=259","og_locale":"sk_SK","og_type":"article","og_title":"Kontakt - Matersk\u00e1 \u0161kola Senick\u00e1 cesta - Montessori De\u0165om","og_description":"Adresa Matersk\u00e1 \u0161kola Senick\u00e1 cesta 82 Bansk\u00e1 Bystrica 974 01 Telef\u00f3nne \u010d\u00edslo 048\/414 25 08 Email Va\u0161e meno (povinn\u00e9) V\u00e1\u0161 email (povinn\u00e9) Predmet Va\u0161a spr\u00e1va","og_url":"https:\/\/www.montessoridetom.sk\/?page_id=259","og_site_name":"Matersk\u00e1 \u0161kola Senick\u00e1 cesta - Montessori De\u0165om","article_modified_time":"2020-06-04T12:51:28+00:00","twitter_card":"summary_large_image","schema":{"@context":"https:\/\/schema.org","@graph":[{"@type":"WebPage","@id":"https:\/\/www.montessoridetom.sk\/?page_id=259","url":"https:\/\/www.montessoridetom.sk\/?page_id=259","name":"Kontakt - Matersk\u00e1 \u0161kola Senick\u00e1 cesta - Montessori De\u0165om","isPartOf":{"@id":"https:\/\/www.montessoridetom.sk\/#website"},"datePublished":"2020-05-31T13:22:19+00:00","dateModified":"2020-06-04T12:51:28+00:00","breadcrumb":{"@id":"https:\/\/www.montessoridetom.sk\/?page_id=259#breadcrumb"},"inLanguage":"sk-SK","potentialAction":[{"@type":"ReadAction","target":["https:\/\/www.montessoridetom.sk\/?page_id=259"]}]},{"@type":"BreadcrumbList","@id":"https:\/\/www.montessoridetom.sk\/?page_id=259#breadcrumb","itemListElement":[{"@type":"ListItem","position":1,"name":"Home","item":"https:\/\/www.montessoridetom.sk\/"},{"@type":"ListItem","position":2,"name":"Kontakt"}]},{"@type":"WebSite","@id":"https:\/\/www.montessoridetom.sk\/#website","url":"https:\/\/www.montessoridetom.sk\/","name":"Matersk\u00e1 \u0161kola Senick\u00e1 cesta - Montessori De\u0165om","description":"","publisher":{"@id":"https:\/\/www.montessoridetom.sk\/#organization"},"potentialAction":[{"@type":"SearchAction","target":{"@type":"EntryPoint","urlTemplate":"https:\/\/www.montessoridetom.sk\/?s={search_term_string}"},"query-input":{"@type":"PropertyValueSpecification","valueRequired":true,"valueName":"search_term_string"}}],"inLanguage":"sk-SK"},{"@type":"Organization","@id":"https:\/\/www.montessoridetom.sk\/#organization","name":"Matersk\u00e1 \u0161kola Senick\u00e1 cesta - Montessori De\u0165om","url":"https:\/\/www.montessoridetom.sk\/","logo":{"@type":"ImageObject","inLanguage":"sk-SK","@id":"https:\/\/www.montessoridetom.sk\/#\/schema\/logo\/image\/","url":"https:\/\/www.montessoridetom.sk\/wp-content\/uploads\/2020\/07\/cropped-Frame-2.jpeg","contentUrl":"https:\/\/www.montessoridetom.sk\/wp-content\/uploads\/2020\/07\/cropped-Frame-2.jpeg","width":200,"height":80,"caption":"Matersk\u00e1 \u0161kola Senick\u00e1 cesta - Montessori De\u0165om"},"image":{"@id":"https:\/\/www.montessoridetom.sk\/#\/schema\/logo\/image\/"}}]}},"_links":{"self":[{"href":"https:\/\/www.montessoridetom.sk\/index.php?rest_route=\/wp\/v2\/pages\/259"}],"collection":[{"href":"https:\/\/www.montessoridetom.sk\/index.php?rest_route=\/wp\/v2\/pages"}],"about":[{"href":"https:\/\/www.montessoridetom.sk\/index.php?rest_route=\/wp\/v2\/types\/page"}],"author":[{"embeddable":true,"href":"https:\/\/www.montessoridetom.sk\/index.php?rest_route=\/wp\/v2\/users\/1"}],"replies":[{"embeddable":true,"href":"https:\/\/www.montessoridetom.sk\/index.php?rest_route=%2Fwp%2Fv2%2Fcomments&post=259"}],"version-history":[{"count":6,"href":"https:\/\/www.montessoridetom.sk\/index.php?rest_route=\/wp\/v2\/pages\/259\/revisions"}],"predecessor-version":[{"id":454,"href":"https:\/\/www.montessoridetom.sk\/index.php?rest_route=\/wp\/v2\/pages\/259\/revisions\/454"}],"wp:attachment":[{"href":"https:\/\/www.montessoridetom.sk\/index.php?rest_route=%2Fwp%2Fv2%2Fmedia&parent=259"}],"curies":[{"name":"wp","href":"https:\/\/api.w.org\/{rel}","templated":true}]}}